{"id":2,"date":"2016-07-24T15:16:29","date_gmt":"2016-07-24T15:16:29","guid":{"rendered":"http:\/\/dipiluminacion.com\/web\/?page_id=2"},"modified":"2018-12-17T16:45:36","modified_gmt":"2018-12-17T16:45:36","slug":"about","status":"publish","type":"page","link":"https:\/\/dipiluminacion.com\/web\/","title":{"rendered":"Home"},"content":{"rendered":"<p>[et_pb_section bb_built=\u00bb1&#8243; admin_label=\u00bbsection\u00bb fullwidth=\u00bbon\u00bb custom_padding_last_edited=\u00bbon|desktop\u00bb _builder_version=\u00bb3.9&#8243; custom_padding_tablet=\u00bb50px|0|50px|0&#8243; animation_style=\u00bbfade\u00bb animation_duration=\u00bb1550ms\u00bb animation_delay=\u00bb550ms\u00bb animation_starting_opacity=\u00bb11%\u00bb transparent_background=\u00bboff\u00bb padding_mobile=\u00bboff\u00bb next_background_color=\u00bb#000000&#8243;][et_pb_fullwidth_slider admin_label=\u00bbFullwidth Slider\u00bb _builder_version=\u00bb3.9&#8243; background_size=\u00bbdefault\u00bb background_position=\u00bbdefault\u00bb background_video_pause_outside_viewport=\u00bboff\u00bb custom_padding=\u00bb|||\u00bb custom_padding_tablet=\u00bb|||\u00bb custom_padding_phone=\u00bb|||\u00bb auto=\u00bbon\u00bb remove_inner_shadow=\u00bbon\u00bb hide_content_on_mobile=\u00bboff\u00bb hide_cta_on_mobile=\u00bboff\u00bb show_inner_shadow=\u00bboff\u00bb][et_pb_slide heading=\u00bbDistribuci\u00f3n, Instalaci\u00f3n y Proyectos de Iluminaci\u00f3n\u00bb image=\u00bbhttp:\/\/dipiluminacion.com\/web\/wp-content\/uploads\/2016\/07\/logo.png\u00bb use_bg_overlay=\u00bboff\u00bb use_text_overlay=\u00bbon\u00bb text_overlay_color=\u00bbrgba(0,0,0,0.47)\u00bb _builder_version=\u00bb3.0.47&#8243; header_font=\u00bb||||\u00bb body_font=\u00bb||||\u00bb background_color=\u00bb#ffffff\u00bb background_image=\u00bbhttp:\/\/dipiluminacion.com\/web\/wp-content\/uploads\/2016\/07\/Auditorio.jpg\u00bb background_size=\u00bbdefault\u00bb background_position=\u00bbdefault\u00bb button_icon_placement=\u00bbright\u00bb button_on_hover=\u00bbon\u00bb]<\/p>\n<p>Nos es grato presentar DIP Iluminaci\u00f3n Colectiva, como una compa\u00f1\u00eda que ofrece desde el suministro de materiales el\u00e9ctricos, iluminaci\u00f3n e instalaci\u00f3n, hasta la soluci\u00f3n integral con proyecto de iluminaci\u00f3n, automatizaci\u00f3n y ahorro de energ\u00eda.<\/p>\n<p>\u203a Suministro de Luminarias.<br \/>\n\u203a Sistemas de control de Iluminaci\u00f3n.<br \/>\n\u203a Sistemas Fotovoltaicos.<\/p>\n<p>[\/et_pb_slide][et_pb_slide heading=\u00bbPROYECTOS Y OBRAS REALIZADAS EN EL \u00daLTIMO A\u00d1O:\u00bb use_bg_overlay=\u00bboff\u00bb use_text_overlay=\u00bbon\u00bb text_overlay_color=\u00bbrgba(0,0,0,0.54)\u00bb alignment=\u00bbbottom\u00bb _builder_version=\u00bb3.0.47&#8243; header_font=\u00bb||||\u00bb body_font=\u00bb||||\u00bb background_color=\u00bb#ffffff\u00bb background_image=\u00bbhttp:\/\/dipiluminacion.com\/web\/wp-content\/uploads\/2016\/07\/vestibulo_Apizaquito.jpg\u00bb background_size=\u00bbdefault\u00bb button_icon_placement=\u00bbright\u00bb button_on_hover=\u00bbon\u00bb]EDIFICIO DE LABORATORIOS Y SERVICIOS DEL PARQUE CIENT\u00cdFICO Y TECNOL\u00d3GICO DE M\u00c9RIDA DE LA UNAM (PROYECTO)<\/p>\n<p>EDIFICIO PARA LA LICENCIATURA DE FISICA BIOMEDICA DE LA FACULTAD DE CIENCIAS DE LA UNAM (PROYECTO Y SUMINISTRO)<br \/>\nCOMISI\u00d3N DE CONTROL ANAL\u00cdTICO Y AMPLIACI\u00d3N DE COBERTURA DE LA<br \/>\nCOFEPRIS DE LA SECRTEARIA DE SALUD (PROYECTO Y SUMINISTRO)<br \/>\nINSTITUTO DE OFTALMOLOG\u00cdA FUNDACI\u00d3N CONDE DE VALENCIA (PROYECTO,<br \/>\nSUMINISTRO E INSTALACI\u00d3N, ILUMINACI\u00d3N EXTERIOR)<br \/>\nCENTRO DE INGENIER\u00cdA AVANZADA DE LA FACULTAD DE INGENIER\u00cdA DE LA UNAM (PROYECTO)<br \/>\nLABORATORIO DE CIENCIAS DE LA SOSTENIBILIDAD DEL INSTITUO DE ECOLOG\u00cdA DE`<br \/>\nLA UNAM (PROYECTO Y SUMINISTRO)<br \/>\nTEMPLO DE LA IGLESIA ANGLICAN \u00abCHRIST CHURCH\u00bb M\u00c9XICO (PROYECTO,<br \/>\nSUMINISTRO E INSTALACI\u00d3N, ILUMINACI\u00d3N EXTERIOR)<br \/>\nTRIBUNAL SUPERIOR DE JUSTICIA DEL ESTADO DE TLAXCALA, ATRAVES DE LA<br \/>\nCOORDINACI\u00d3N DE VINCULACI\u00d3N DE LA FAC. DE ARQUITECTURA, UNAM (PROYECTO)<br \/>\nPREPARATORIA DEL COLEGIO CRISTOBAL COL\u00d3N DE LOMAS VERDES, DE LA SALLE (PROYECTO)<br \/>\nREMODELACI\u00d3N DE LOS S\u00d3TANOS DEL INSTITUTO DE NUTRICI\u00d3N DE LA SECRETARIA DE SALUD (PROYECTO Y SUMINISTRO)<br \/>\n[\/et_pb_slide][et_pb_slide use_bg_overlay=\u00bboff\u00bb use_text_overlay=\u00bboff\u00bb _builder_version=\u00bb3.9&#8243; header_font=\u00bb||||\u00bb body_font=\u00bb||||\u00bb background_color=\u00bb#ffffff\u00bb background_image=\u00bbhttp:\/\/dipiluminacion.com\/web\/wp-content\/uploads\/2016\/07\/Fachada.jpg\u00bb background_size=\u00bbdefault\u00bb background_position=\u00bbdefault\u00bb button_icon_placement=\u00bbright\u00bb button_on_hover=\u00bbon\u00bb] [\/et_pb_slide][\/et_pb_fullwidth_slider][et_pb_fullwidth_portfolio _builder_version=\u00bb3.0.87&#8243; background_size=\u00bbinitial\u00bb background_position=\u00bbtop_left\u00bb background_repeat=\u00bbrepeat\u00bb background_layout=\u00bbdark\u00bb auto=\u00bbon\u00bb use_border_color=\u00bboff\u00bb border_color=\u00bb#ffffff\u00bb border_style=\u00bbsolid\u00bb \/][\/et_pb_section][et_pb_section bb_built=\u00bb1&#8243; admin_label=\u00bbsection\u00bb custom_padding_last_edited=\u00bbon|desktop\u00bb _builder_version=\u00bb3.0.74&#8243; background_color=\u00bb#ffffff\u00bb background_image=\u00bbhttp:\/\/dipiluminacion.com\/web\/wp-content\/uploads\/2016\/07\/1-12.jpg\u00bb parallax=\u00bbon\u00bb parallax_method=\u00bboff\u00bb custom_padding_tablet=\u00bb50px|0|50px|0&#8243; transparent_background=\u00bboff\u00bb padding_mobile=\u00bboff\u00bb prev_background_color=\u00bb#ffffff\u00bb next_background_color=\u00bb#c11616&#8243;][et_pb_row admin_label=\u00bbrow\u00bb _builder_version=\u00bb3.0.48&#8243; background_size=\u00bbinitial\u00bb background_position=\u00bbtop_left\u00bb background_repeat=\u00bbrepeat\u00bb][et_pb_column type=\u00bb1_2&#8243;][et_pb_text admin_label=\u00bbText\u00bb _builder_version=\u00bb3.9&#8243; background_size=\u00bbinitial\u00bb background_position=\u00bbtop_left\u00bb background_repeat=\u00bbrepeat\u00bb use_border_color=\u00bboff\u00bb border_color=\u00bb#ffffff\u00bb border_style=\u00bbsolid\u00bb]<\/p>\n<h2 style=\"text-align: right;\">Segmentos:<\/h2>\n<p style=\"text-align: right;\">Iluminaci\u00f3n T\u00e9cnico Decorativa de Interiores<br \/>\nIluminaci\u00f3n Industrial.<br \/>\nIluminaci\u00f3n Urbana.<br \/>\nIluminaci\u00f3n Comercial.<br \/>\nAutomatizaci\u00f3n Residencial.<br \/>\nAutomatizaci\u00f3n Industrial.<br \/>\nProyectos de Ahorros de Energ\u00edas Renovables<\/p>\n<p>[\/et_pb_text][\/et_pb_column][et_pb_column type=\u00bb1_2&#8243;][et_pb_accordion admin_label=\u00bbAccordion\u00bb _builder_version=\u00bb3.0.87&#8243; use_border_color=\u00bboff\u00bb border_color=\u00bb#ffffff\u00bb border_style=\u00bbsolid\u00bb][et_pb_accordion_item title=\u00bbVisi\u00f3n \u00bb open=\u00bbon\u00bb _builder_version=\u00bb3.0.47&#8243; title_text_shadow_horizontal_length=\u00bb0em\u00bb title_text_shadow_vertical_length=\u00bb0em\u00bb title_text_shadow_blur_strength=\u00bb0em\u00bb body_text_shadow_horizontal_length=\u00bb0em\u00bb body_text_shadow_vertical_length=\u00bb0em\u00bb body_text_shadow_blur_strength=\u00bb0em\u00bb]Cubrir los requerimientos y necesidades del mercado Mexicano de infraestructura de iluminaci\u00f3n y automatizaci\u00f3n con un amplio portafolio de productos y servicios con calidad y profesionalismo que se adecuan a cada cliente.[\/et_pb_accordion_item][et_pb_accordion_item title=\u00bbMisi\u00f3n\u00bb open=\u00bboff\u00bb _builder_version=\u00bb3.0.47&#8243; title_text_shadow_horizontal_length=\u00bb0em\u00bb title_text_shadow_vertical_length=\u00bb0em\u00bb title_text_shadow_blur_strength=\u00bb0em\u00bb body_text_shadow_horizontal_length=\u00bb0em\u00bb body_text_shadow_vertical_length=\u00bb0em\u00bb body_text_shadow_blur_strength=\u00bb0em\u00bb]Ser un proveedor y asesor confiable mediante la orientaci\u00f3n, planeaci\u00f3n y dise\u00f1o de proyectos con una propuesta hacia el mejoramiento del medio ambiente.[\/et_pb_accordion_item][et_pb_accordion_item title=\u00bbValores\u00bb open=\u00bboff\u00bb _builder_version=\u00bb3.0.47&#8243; title_text_shadow_horizontal_length=\u00bb0em\u00bb title_text_shadow_vertical_length=\u00bb0em\u00bb title_text_shadow_blur_strength=\u00bb0em\u00bb body_text_shadow_horizontal_length=\u00bb0em\u00bb body_text_shadow_vertical_length=\u00bb0em\u00bb body_text_shadow_blur_strength=\u00bb0em\u00bb]\u2022 Facilidad de hacer negocio<br \/>\n\u2022 Sentido de urgencia a las necesidades del cliente.<br \/>\n\u2022 Atenci\u00f3n personalizada<br \/>\n\u2022 Respeto y lealtad al cliente.<br \/>\n\u2022 Empresa \u00c9tica y Profesional.<br \/>\n\u2022 Sentido de oportunidad.<br \/>\n\u2022 Buena Administraci\u00f3n.<br \/>\n\u2022 Sentido Com\u00fan.[\/et_pb_accordion_item][\/et_pb_accordion][\/et_pb_column][\/et_pb_row][et_pb_row admin_label=\u00bbrow\u00bb _builder_version=\u00bb3.0.48&#8243; background_size=\u00bbinitial\u00bb background_position=\u00bbtop_left\u00bb background_repeat=\u00bbrepeat\u00bb][et_pb_column type=\u00bb4_4&#8243;][et_pb_divider admin_label=\u00bbDivider\u00bb color=\u00bb#eaeaea\u00bb height=\u00bb30&#8243; disabled_on=\u00bbon|on|off\u00bb _builder_version=\u00bb3.2&#8243; \/][\/et_pb_column][\/et_pb_row][\/et_pb_section][et_pb_section bb_built=\u00bb1&#8243; admin_label=\u00bbsection\u00bb custom_padding_last_edited=\u00bbon|desktop\u00bb _builder_version=\u00bb3.0.74&#8243; background_color=\u00bb#c11616&#8243; background_image=\u00bbhttp:\/\/dipiluminacion.com\/web\/wp-content\/uploads\/2016\/07\/Back.png\u00bb parallax=\u00bbon\u00bb parallax_method=\u00bboff\u00bb custom_padding_tablet=\u00bb50px|0|50px|0&#8243; transparent_background=\u00bboff\u00bb padding_mobile=\u00bboff\u00bb prev_background_color=\u00bb#ffffff\u00bb next_background_color=\u00bb#ffffff\u00bb][et_pb_row admin_label=\u00bbrow\u00bb padding_mobile=\u00bboff\u00bb column_padding_mobile=\u00bbon\u00bb parallax_method_1=\u00bboff\u00bb _builder_version=\u00bb3.0.48&#8243; background_size=\u00bbinitial\u00bb background_position=\u00bbtop_left\u00bb background_repeat=\u00bbrepeat\u00bb][et_pb_column type=\u00bb4_4&#8243;][et_pb_text admin_label=\u00bbText\u00bb _builder_version=\u00bb3.9&#8243; background_size=\u00bbinitial\u00bb background_position=\u00bbtop_left\u00bb background_repeat=\u00bbrepeat\u00bb background_layout=\u00bbdark\u00bb use_border_color=\u00bboff\u00bb border_color=\u00bb#ffffff\u00bb border_style=\u00bbsolid\u00bb]<\/p>\n<p><strong>PROYECTOS Y OBRAS REALIZADAS EN EL \u00daLTIMO A\u00d1O:<\/strong><\/p>\n<ul style=\"list-style-type: square;\">\n<li>EDIFICIO DE LABORATORIOS Y SERVICIOS DEL PARQUE CIENT\u00cdFICO Y TECNOL\u00d3GICO DE M\u00c9RIDA DE LA UNAM (PROYECTO).<\/li>\n<li>EDIFICIO PARA LA LICENCIATURA DE F\u00cdSICA BIOMEDICA DE LA FACULTAD DE CIENCIAS DE LA UNAM (PROYECTO Y SUMINISTRO).<\/li>\n<li>COMISI\u00d3N DE CONTROL ANAL\u00cdTICO Y AMPLIACI\u00d3N DE COBERTURA DE LA<br \/>\nCOFEPRIS DE LA SECRTEARIA DE SALUD (PROYECTO Y SUMINISTRO).<\/li>\n<li>INSTITUTO DE OFTALMOLOG\u00cdA FUNDACI\u00d3N CONDE DE VALENCIA (PROYECTO,<br \/>\nSUMINISTRO E INSTALACI\u00d3N, ILUMINACI\u00d3N EXTERIOR).<\/li>\n<li>CENTRO DE INGENIER\u00cdA AVANZADA DE LA FACULTAD DE INGENIER\u00cdA DE LA UNAM (PROYECTO)<br \/>\nLABORATORIO DE CIENCIAS DE LA SOSTENIBILIDAD DEL INSTITUO DE ECOLOG\u00cdA DE`<br \/>\nLA UNAM (PROYECTO Y SUMINISTRO).<\/li>\n<li>TEMPLO DE LA IGLESIA ANGLICAN \u00abCHRIST CHURCH\u00bb M\u00c9XICO (PROYECTO,<br \/>\nSUMINISTRO E INSTALACI\u00d3N, ILUMINACI\u00d3N EXTERIOR).<\/li>\n<li>TRIBUNAL SUPERIOR DE JUSTICIA DEL ESTADO DE TLAXCALA, ATRAVES DE LA<br \/>\nCOORDINACI\u00d3N DE VINCULACI\u00d3N DE LA FAC. DE ARQUITECTURA, UNAM (PROYECTO).<\/li>\n<li>PREPARATORIA DEL COLEGIO CRISTOBAL COL\u00d3N DE LOMAS VERDES, DE LA SALLE (PROYECTO).<\/li>\n<li>REMODELACI\u00d3N DE LOS S\u00d3TANOS DEL INSTITUTO DE NUTRICI\u00d3N DE LA SECRETARIA DE SALUD (PROYECTO Y SUMINISTRO).<\/li>\n<li>EDIFICIO DE OFICINAS WTC EN JURIQUILLA, QUER\u00c9TARO (PROYECTO Y SUMINISTRO).<\/li>\n<li>NUEVO EDIFICIO DE LA SUPREMA CORTE DE JUSTICIA DE LA NACI\u00d3N, CDMX (PROYECTO Y SUMINISTRO).<\/li>\n<\/ul>\n<p>&nbsp;<\/p>\n<p>[\/et_pb_text][et_pb_divider admin_label=\u00bbDivider\u00bb show_divider=\u00bboff\u00bb height=\u00bb20&#8243; disabled_on=\u00bbon|on|off\u00bb _builder_version=\u00bb3.2&#8243; \/][\/et_pb_column][\/et_pb_row][\/et_pb_section][et_pb_section bb_built=\u00bb1&#8243; admin_label=\u00bbsection\u00bb inner_shadow=\u00bbon\u00bb custom_padding_last_edited=\u00bbon|desktop\u00bb _builder_version=\u00bb3.0.74&#8243; background_color=\u00bb#ffffff\u00bb parallax=\u00bbon\u00bb parallax_method=\u00bboff\u00bb custom_padding_tablet=\u00bb50px|0|50px|0&#8243; transparent_background=\u00bboff\u00bb padding_mobile=\u00bboff\u00bb prev_background_color=\u00bb#c11616&#8243;][et_pb_row padding_mobile=\u00bboff\u00bb column_padding_mobile=\u00bbon\u00bb parallax_method_1=\u00bboff\u00bb _builder_version=\u00bb3.0.48&#8243; background_size=\u00bbinitial\u00bb background_position=\u00bbtop_left\u00bb background_repeat=\u00bbrepeat\u00bb][et_pb_column type=\u00bb1_4&#8243;][et_pb_image src=\u00bbhttp:\/\/dipiluminacion.com\/web\/wp-content\/uploads\/2016\/07\/marcas_0013_02.jpg\u00bb _builder_version=\u00bb3.0.87&#8243; animation_style=\u00bbslide\u00bb animation_direction=\u00bbleft\u00bb animation_duration=\u00bb500ms\u00bb animation_intensity_slide=\u00bb10%\u00bb use_border_color=\u00bboff\u00bb border_color=\u00bb#ffffff\u00bb border_style=\u00bbsolid\u00bb animation=\u00bbleft\u00bb sticky=\u00bboff\u00bb \/][et_pb_image src=\u00bbhttp:\/\/dipiluminacion.com\/web\/wp-content\/uploads\/2016\/07\/marcas_0010_05.jpg\u00bb _builder_version=\u00bb3.0.87&#8243; animation_style=\u00bbslide\u00bb animation_direction=\u00bbleft\u00bb animation_duration=\u00bb500ms\u00bb animation_intensity_slide=\u00bb10%\u00bb use_border_color=\u00bboff\u00bb border_color=\u00bb#ffffff\u00bb border_style=\u00bbsolid\u00bb animation=\u00bbleft\u00bb sticky=\u00bboff\u00bb \/][et_pb_image src=\u00bbhttp:\/\/dipiluminacion.com\/web\/wp-content\/uploads\/2016\/07\/marcas_0005_10.jpg\u00bb _builder_version=\u00bb3.0.87&#8243; animation_style=\u00bbslide\u00bb animation_direction=\u00bbleft\u00bb animation_duration=\u00bb500ms\u00bb animation_intensity_slide=\u00bb10%\u00bb use_border_color=\u00bboff\u00bb border_color=\u00bb#ffffff\u00bb border_style=\u00bbsolid\u00bb animation=\u00bbleft\u00bb sticky=\u00bboff\u00bb \/][\/et_pb_column][et_pb_column type=\u00bb1_4&#8243;][et_pb_image src=\u00bbhttp:\/\/dipiluminacion.com\/web\/wp-content\/uploads\/2016\/07\/marcas_0014_01.jpg\u00bb _builder_version=\u00bb3.0.87&#8243; animation_style=\u00bbslide\u00bb animation_direction=\u00bbleft\u00bb animation_duration=\u00bb500ms\u00bb animation_intensity_slide=\u00bb10%\u00bb use_border_color=\u00bboff\u00bb border_color=\u00bb#ffffff\u00bb border_style=\u00bbsolid\u00bb animation=\u00bbleft\u00bb sticky=\u00bboff\u00bb \/][et_pb_image src=\u00bbhttp:\/\/dipiluminacion.com\/web\/wp-content\/uploads\/2016\/07\/marcas_0009_06.jpg\u00bb _builder_version=\u00bb3.0.87&#8243; animation_style=\u00bbslide\u00bb animation_direction=\u00bbleft\u00bb animation_duration=\u00bb500ms\u00bb animation_intensity_slide=\u00bb10%\u00bb use_border_color=\u00bboff\u00bb border_color=\u00bb#ffffff\u00bb border_style=\u00bbsolid\u00bb animation=\u00bbleft\u00bb sticky=\u00bboff\u00bb \/][et_pb_image src=\u00bbhttp:\/\/dipiluminacion.com\/web\/wp-content\/uploads\/2016\/07\/marcas_0004_11.jpg\u00bb _builder_version=\u00bb3.0.87&#8243; animation_style=\u00bbslide\u00bb animation_direction=\u00bbleft\u00bb animation_duration=\u00bb500ms\u00bb animation_intensity_slide=\u00bb10%\u00bb use_border_color=\u00bboff\u00bb border_color=\u00bb#ffffff\u00bb border_style=\u00bbsolid\u00bb animation=\u00bbleft\u00bb sticky=\u00bboff\u00bb \/][\/et_pb_column][et_pb_column type=\u00bb1_4&#8243;][et_pb_image src=\u00bbhttp:\/\/dipiluminacion.com\/web\/wp-content\/uploads\/2016\/07\/marcas_0012_03.jpg\u00bb _builder_version=\u00bb3.0.87&#8243; animation_style=\u00bbslide\u00bb animation_direction=\u00bbleft\u00bb animation_duration=\u00bb500ms\u00bb animation_intensity_slide=\u00bb10%\u00bb use_border_color=\u00bboff\u00bb border_color=\u00bb#ffffff\u00bb border_style=\u00bbsolid\u00bb animation=\u00bbleft\u00bb sticky=\u00bboff\u00bb \/][et_pb_image src=\u00bbhttp:\/\/dipiluminacion.com\/web\/wp-content\/uploads\/2016\/07\/marcas_0007_08.jpg\u00bb _builder_version=\u00bb3.0.87&#8243; animation_style=\u00bbslide\u00bb animation_direction=\u00bbleft\u00bb animation_duration=\u00bb500ms\u00bb animation_intensity_slide=\u00bb10%\u00bb use_border_color=\u00bboff\u00bb border_color=\u00bb#ffffff\u00bb border_style=\u00bbsolid\u00bb animation=\u00bbleft\u00bb sticky=\u00bboff\u00bb \/][et_pb_image src=\u00bbhttp:\/\/dipiluminacion.com\/web\/wp-content\/uploads\/2016\/07\/marcas_0003_12.jpg\u00bb _builder_version=\u00bb3.0.87&#8243; animation_style=\u00bbslide\u00bb animation_direction=\u00bbleft\u00bb animation_duration=\u00bb500ms\u00bb animation_intensity_slide=\u00bb10%\u00bb use_border_color=\u00bboff\u00bb border_color=\u00bb#ffffff\u00bb border_style=\u00bbsolid\u00bb animation=\u00bbleft\u00bb sticky=\u00bboff\u00bb \/][\/et_pb_column][et_pb_column type=\u00bb1_4&#8243;][et_pb_image src=\u00bbhttp:\/\/dipiluminacion.com\/web\/wp-content\/uploads\/2016\/07\/marcas_0011_04.jpg\u00bb _builder_version=\u00bb3.0.87&#8243; animation_style=\u00bbslide\u00bb animation_direction=\u00bbleft\u00bb animation_duration=\u00bb500ms\u00bb animation_intensity_slide=\u00bb10%\u00bb use_border_color=\u00bboff\u00bb border_color=\u00bb#ffffff\u00bb border_style=\u00bbsolid\u00bb animation=\u00bbleft\u00bb sticky=\u00bboff\u00bb \/][et_pb_image src=\u00bbhttp:\/\/dipiluminacion.com\/web\/wp-content\/uploads\/2016\/07\/marcas_0006_09.jpg\u00bb _builder_version=\u00bb3.0.87&#8243; animation_style=\u00bbslide\u00bb animation_direction=\u00bbleft\u00bb animation_duration=\u00bb500ms\u00bb animation_intensity_slide=\u00bb10%\u00bb use_border_color=\u00bboff\u00bb border_color=\u00bb#ffffff\u00bb border_style=\u00bbsolid\u00bb animation=\u00bbleft\u00bb sticky=\u00bboff\u00bb \/][et_pb_image src=\u00bbhttp:\/\/dipiluminacion.com\/web\/wp-content\/uploads\/2016\/07\/marcas_0001_14.jpg\u00bb _builder_version=\u00bb3.0.87&#8243; animation_style=\u00bbslide\u00bb animation_direction=\u00bbleft\u00bb animation_duration=\u00bb500ms\u00bb animation_intensity_slide=\u00bb10%\u00bb use_border_color=\u00bboff\u00bb border_color=\u00bb#ffffff\u00bb border_style=\u00bbsolid\u00bb animation=\u00bbleft\u00bb sticky=\u00bboff\u00bb \/][\/et_pb_column][\/et_pb_row][et_pb_row custom_padding=\u00bb0|0px|27px|0px|false|false\u00bb _builder_version=\u00bb3.0.48&#8243; background_size=\u00bbinitial\u00bb background_position=\u00bbtop_left\u00bb background_repeat=\u00bbrepeat\u00bb][et_pb_column type=\u00bb1_4&#8243;][et_pb_image src=\u00bbhttp:\/\/dipiluminacion.com\/web\/wp-content\/uploads\/2016\/07\/marcas_0002_13.jpg\u00bb _builder_version=\u00bb3.0.87&#8243; animation_style=\u00bbslide\u00bb animation_direction=\u00bbleft\u00bb animation_duration=\u00bb500ms\u00bb animation_intensity_slide=\u00bb10%\u00bb use_border_color=\u00bboff\u00bb border_color=\u00bb#ffffff\u00bb border_style=\u00bbsolid\u00bb animation=\u00bbleft\u00bb sticky=\u00bboff\u00bb \/][\/et_pb_column][et_pb_column type=\u00bb1_4&#8243;][et_pb_image src=\u00bbhttp:\/\/dipiluminacion.com\/web\/wp-content\/uploads\/2016\/07\/marcas_0000_15.jpg\u00bb _builder_version=\u00bb3.0.87&#8243; animation_style=\u00bbslide\u00bb animation_direction=\u00bbleft\u00bb animation_duration=\u00bb500ms\u00bb animation_intensity_slide=\u00bb10%\u00bb use_border_color=\u00bboff\u00bb border_color=\u00bb#ffffff\u00bb border_style=\u00bbsolid\u00bb animation=\u00bbleft\u00bb sticky=\u00bboff\u00bb \/][\/et_pb_column][et_pb_column type=\u00bb1_2&#8243;][et_pb_image src=\u00bbhttp:\/\/dipiluminacion.com\/web\/wp-content\/uploads\/2016\/07\/marcas_0000_16.jpg\u00bb _builder_version=\u00bb3.0.87&#8243; animation_style=\u00bbslide\u00bb animation_direction=\u00bbleft\u00bb animation_duration=\u00bb500ms\u00bb animation_intensity_slide=\u00bb10%\u00bb use_border_color=\u00bboff\u00bb border_color=\u00bb#ffffff\u00bb border_style=\u00bbsolid\u00bb animation=\u00bbleft\u00bb sticky=\u00bboff\u00bb \/][\/et_pb_column][\/et_pb_row][\/et_pb_section]<\/p>\n","protected":false},"excerpt":{"rendered":"<p>Nos es grato presentar DIP Iluminaci\u00f3n Colectiva, como una compa\u00f1\u00eda que ofrece desde el suministro de materiales el\u00e9ctricos, iluminaci\u00f3n e instalaci\u00f3n, hasta la soluci\u00f3n integral con proyecto de iluminaci\u00f3n, automatizaci\u00f3n y ahorro de energ\u00eda. \u203a Suministro de Luminarias. \u203a Sistemas de control de Iluminaci\u00f3n. \u203a Sistemas Fotovoltaicos. EDIFICIO DE LABORATORIOS Y SERVICIOS DEL PARQUE CIENT\u00cdFICO [&hellip;]<\/p>\n","protected":false},"author":1,"featured_media":0,"parent":0,"menu_order":0,"comment_status":"open","ping_status":"open","template":"","meta":{"_et_pb_use_builder":"on","_et_pb_old_content":"<p>This is an example of a WordPress page, you could edit this to put information about yourself or your site so readers know where you are coming from. You can create as many pages like this one or sub-pages as you like and manage all of your content inside of WordPress.<\/p>","_et_gb_content_width":"","footnotes":""},"class_list":["post-2","page","type-page","status-publish","hentry"],"_links":{"self":[{"href":"https:\/\/dipiluminacion.com\/web\/wp-json\/wp\/v2\/pages\/2","targetHints":{"allow":["GET"]}}],"collection":[{"href":"https:\/\/dipiluminacion.com\/web\/wp-json\/wp\/v2\/pages"}],"about":[{"href":"https:\/\/dipiluminacion.com\/web\/wp-json\/wp\/v2\/types\/page"}],"author":[{"embeddable":true,"href":"https:\/\/dipiluminacion.com\/web\/wp-json\/wp\/v2\/users\/1"}],"replies":[{"embeddable":true,"href":"https:\/\/dipiluminacion.com\/web\/wp-json\/wp\/v2\/comments?post=2"}],"version-history":[{"count":89,"href":"https:\/\/dipiluminacion.com\/web\/wp-json\/wp\/v2\/pages\/2\/revisions"}],"predecessor-version":[{"id":1222,"href":"https:\/\/dipiluminacion.com\/web\/wp-json\/wp\/v2\/pages\/2\/revisions\/1222"}],"wp:attachment":[{"href":"https:\/\/dipiluminacion.com\/web\/wp-json\/wp\/v2\/media?parent=2"}],"curies":[{"name":"wp","href":"https:\/\/api.w.org\/{rel}","templated":true}]}}